{"id":397,"date":"2025-06-16T11:29:14","date_gmt":"2025-06-16T11:29:14","guid":{"rendered":"https:\/\/incognitoescape.testmillennials.es\/?page_id=397"},"modified":"2025-06-16T11:29:14","modified_gmt":"2025-06-16T11:29:14","slug":"politica-de-privacidad","status":"publish","type":"page","link":"https:\/\/incognitoescape.testmillennials.es\/?page_id=397","title":{"rendered":"Pol\u00edtica de Privacidad"},"content":{"rendered":"<h1>Pol\u00edtica de privacidad<\/h1>\n<div class=\"uk-width-1-1 uk-margin-large-top uk-scrollspy-inview uk-animation-fade\">\n<p>Cuando precisemos obtener informaci\u00f3n por su parte, siempre le solicitaremos que nos la proporcione voluntariamente de forma expresa. Los datos recabados a trav\u00e9s de los formularios de recogida de datos del sitio web u otras v\u00edas ser\u00e1n incorporados a los sistemas de tratamiento de INCOGNITO ESCAPE GAME SLU. Esta entidad tratar\u00e1 los datos de forma confidencial y exclusivamente con la finalidad de ofrecer los servicios solicitados, con todas las garant\u00edas legales y de seguridad que impone el Reglamento (UE) 2016\/679 del Parlamento Europeo y del Consejo, de 27 de abril de 2016, relativo a la protecci\u00f3n de las personas f\u00edsicas en lo que respecta al tratamiento de datos personales y a la libre circulaci\u00f3n de estos datos y la Ley 34\/2002, de 11 de julio, de Servicios de la Sociedad de la Informaci\u00f3n y Comercio Electr\u00f3nico.<\/p>\n<p>EL PROPIETARIO DE LA WEB se compromete a no ceder, vender, ni compartir los datos con terceros sin su aprobaci\u00f3n expresa.<\/p>\n<p>Asimismo, INCOGNITO ESCAPE GAME SLU cancelar\u00e1 o rectificar\u00e1 los datos cuando resulten inexactos, incompletos o hayan dejado de ser necesarios o pertinentes para su finalidad, de conformidad con lo previsto en legislaci\u00f3n vigente en materia de Protecci\u00f3n de Datos de Car\u00e1cter Personal.<\/p>\n<p>El usuario podr\u00e1 revocar el consentimiento prestado y ejercer los derechos de acceso, supresi\u00f3n, portabilidad, rectificaci\u00f3n, limitaci\u00f3n y oposici\u00f3n dirigi\u00e9ndose a tal efecto al domicilio de INCOGNITO ESCAPE GAME SLU sito en C\/ LINNEO 4, 28005, MADRID, MADRID, identific\u00e1ndose debidamente e indicando de forma visible el concreto derecho que se ejerce.<\/p>\n<p>EL PROPIETARIO DE LA WEB adopta los niveles de seguridad correspondientes requeridos por la citada normativa de Protecci\u00f3n de Datos de Car\u00e1cter Personal y dem\u00e1s normativa aplicable.<\/p>\n<p>No obstante, no asume ninguna responsabilidad por los da\u00f1os y perjuicios derivados de alteraciones que terceros pueden causar en los sistemas inform\u00e1ticos, documentos electr\u00f3nicos o ficheros del usuario.<\/p>\n<p>EL PROPIETARIO DE LA WEB podr\u00e1 utilizar cookies durante la prestaci\u00f3n de servicios del sitio web. Las cookies son ficheros f\u00edsicos de informaci\u00f3n personal alojados en el propio terminal del usuario. El usuario tiene la posibilidad de configurar su programa navegador de manera que se impida la creaci\u00f3n de archivos cookie o se advierta de la misma.<\/p>\n<p>Si opta a abandonar nuestro sitio web a trav\u00e9s de enlaces a sitios web no pertenecientes a nuestra entidad, EL PROPIETARIO DE LA WEB no se har\u00e1 responsable de las pol\u00edticas de privacidad de dichos sitios web ni de las cookies que \u00e9stos puedan almacenar en el ordenador del usuario.<\/p>\n<p>Nuestra pol\u00edtica con respecto al correo electr\u00f3nico se centra en remitir \u00fanicamente comunicaciones que usted haya solicitado recibir.<\/p>\n<p>Si prefiere no recibir estos mensajes por correo electr\u00f3nico le ofreceremos a trav\u00e9s de los mismos la posibilidad de ejercer su derecho de cancelaci\u00f3n y renuncia a la recepci\u00f3n de estos mensajes, en conformidad con lo dispuesto en el T\u00edtulo III, art\u00edculo 22 de la Ley 34\/2002 de Servicios para la Sociedad de la Informaci\u00f3n y de Comercio Electr\u00f3nico.<\/p>\n<\/div>\n","protected":false},"excerpt":{"rendered":"<p>Pol\u00edtica de privacidad Cuando precisemos obtener informaci\u00f3n por su parte, siempre le solicitaremos que nos la proporcione voluntariamente de forma<\/p>\n","protected":false},"author":1,"featured_media":0,"parent":0,"menu_order":0,"comment_status":"closed","ping_status":"closed","template":"","meta":{"footnotes":""},"class_list":["post-397","page","type-page","status-publish","hentry"],"yoast_head":"<!-- This site is optimized with the Yoast SEO plugin v25.5 - https:\/\/yoast.com\/wordpress\/plugins\/seo\/ -->\n<title>Pol\u00edtica de Privacidad - Inc\u00f3gnito Escape<\/title>\n<meta name=\"robots\" content=\"index, follow, max-snippet:-1, max-image-preview:large, max-video-preview:-1\" \/>\n<link rel=\"canonical\" href=\"https:\/\/incognitoescape.testmillennials.es\/?page_id=397\" \/>\n<meta property=\"og:locale\" content=\"es_ES\" \/>\n<meta property=\"og:type\" content=\"article\" \/>\n<meta property=\"og:title\" content=\"Pol\u00edtica de Privacidad - Inc\u00f3gnito Escape\" \/>\n<meta property=\"og:description\" content=\"Pol\u00edtica de privacidad Cuando precisemos obtener informaci\u00f3n por su parte, siempre le solicitaremos que nos la proporcione voluntariamente de forma\" \/>\n<meta property=\"og:url\" content=\"https:\/\/incognitoescape.testmillennials.es\/?page_id=397\" \/>\n<meta property=\"og:site_name\" content=\"Inc\u00f3gnito Escape\" \/>\n<meta name=\"twitter:card\" content=\"summary_large_image\" \/>\n<meta name=\"twitter:label1\" content=\"Tiempo de lectura\" \/>\n\t<meta name=\"twitter:data1\" content=\"3 minutos\" \/>\n<script type=\"application\/ld+json\" class=\"yoast-schema-graph\">{\"@context\":\"https:\/\/schema.org\",\"@graph\":[{\"@type\":\"WebPage\",\"@id\":\"https:\/\/incognitoescape.testmillennials.es\/?page_id=397\",\"url\":\"https:\/\/incognitoescape.testmillennials.es\/?page_id=397\",\"name\":\"Pol\u00edtica de Privacidad - Inc\u00f3gnito Escape\",\"isPartOf\":{\"@id\":\"https:\/\/incognitoescape.testmillennials.es\/#website\"},\"datePublished\":\"2025-06-16T11:29:14+00:00\",\"breadcrumb\":{\"@id\":\"https:\/\/incognitoescape.testmillennials.es\/?page_id=397#breadcrumb\"},\"inLanguage\":\"es\",\"potentialAction\":[{\"@type\":\"ReadAction\",\"target\":[\"https:\/\/incognitoescape.testmillennials.es\/?page_id=397\"]}]},{\"@type\":\"BreadcrumbList\",\"@id\":\"https:\/\/incognitoescape.testmillennials.es\/?page_id=397#breadcrumb\",\"itemListElement\":[{\"@type\":\"ListItem\",\"position\":1,\"name\":\"Portada\",\"item\":\"https:\/\/incognitoescape.testmillennials.es\/\"},{\"@type\":\"ListItem\",\"position\":2,\"name\":\"Pol\u00edtica de Privacidad\"}]},{\"@type\":\"WebSite\",\"@id\":\"https:\/\/incognitoescape.testmillennials.es\/#website\",\"url\":\"https:\/\/incognitoescape.testmillennials.es\/\",\"name\":\"Inc\u00f3gnito Escape\",\"description\":\"\",\"publisher\":{\"@id\":\"https:\/\/incognitoescape.testmillennials.es\/#organization\"},\"potentialAction\":[{\"@type\":\"SearchAction\",\"target\":{\"@type\":\"EntryPoint\",\"urlTemplate\":\"https:\/\/incognitoescape.testmillennials.es\/?s={search_term_string}\"},\"query-input\":{\"@type\":\"PropertyValueSpecification\",\"valueRequired\":true,\"valueName\":\"search_term_string\"}}],\"inLanguage\":\"es\"},{\"@type\":\"Organization\",\"@id\":\"https:\/\/incognitoescape.testmillennials.es\/#organization\",\"name\":\"Inc\u00f3gnito Escape\",\"url\":\"https:\/\/incognitoescape.testmillennials.es\/\",\"logo\":{\"@type\":\"ImageObject\",\"inLanguage\":\"es\",\"@id\":\"https:\/\/incognitoescape.testmillennials.es\/#\/schema\/logo\/image\/\",\"url\":\"https:\/\/incognitoescape.testmillennials.es\/wp-content\/uploads\/2025\/06\/preloader.svg\",\"contentUrl\":\"https:\/\/incognitoescape.testmillennials.es\/wp-content\/uploads\/2025\/06\/preloader.svg\",\"width\":100,\"height\":80,\"caption\":\"Inc\u00f3gnito Escape\"},\"image\":{\"@id\":\"https:\/\/incognitoescape.testmillennials.es\/#\/schema\/logo\/image\/\"}}]}<\/script>\n<!-- \/ Yoast SEO plugin. -->","yoast_head_json":{"title":"Pol\u00edtica de Privacidad - Inc\u00f3gnito Escape","robots":{"index":"index","follow":"follow","max-snippet":"max-snippet:-1","max-image-preview":"max-image-preview:large","max-video-preview":"max-video-preview:-1"},"canonical":"https:\/\/incognitoescape.testmillennials.es\/?page_id=397","og_locale":"es_ES","og_type":"article","og_title":"Pol\u00edtica de Privacidad - Inc\u00f3gnito Escape","og_description":"Pol\u00edtica de privacidad Cuando precisemos obtener informaci\u00f3n por su parte, siempre le solicitaremos que nos la proporcione voluntariamente de forma","og_url":"https:\/\/incognitoescape.testmillennials.es\/?page_id=397","og_site_name":"Inc\u00f3gnito Escape","twitter_card":"summary_large_image","twitter_misc":{"Tiempo de lectura":"3 minutos"},"schema":{"@context":"https:\/\/schema.org","@graph":[{"@type":"WebPage","@id":"https:\/\/incognitoescape.testmillennials.es\/?page_id=397","url":"https:\/\/incognitoescape.testmillennials.es\/?page_id=397","name":"Pol\u00edtica de Privacidad - Inc\u00f3gnito Escape","isPartOf":{"@id":"https:\/\/incognitoescape.testmillennials.es\/#website"},"datePublished":"2025-06-16T11:29:14+00:00","breadcrumb":{"@id":"https:\/\/incognitoescape.testmillennials.es\/?page_id=397#breadcrumb"},"inLanguage":"es","potentialAction":[{"@type":"ReadAction","target":["https:\/\/incognitoescape.testmillennials.es\/?page_id=397"]}]},{"@type":"BreadcrumbList","@id":"https:\/\/incognitoescape.testmillennials.es\/?page_id=397#breadcrumb","itemListElement":[{"@type":"ListItem","position":1,"name":"Portada","item":"https:\/\/incognitoescape.testmillennials.es\/"},{"@type":"ListItem","position":2,"name":"Pol\u00edtica de Privacidad"}]},{"@type":"WebSite","@id":"https:\/\/incognitoescape.testmillennials.es\/#website","url":"https:\/\/incognitoescape.testmillennials.es\/","name":"Inc\u00f3gnito Escape","description":"","publisher":{"@id":"https:\/\/incognitoescape.testmillennials.es\/#organization"},"potentialAction":[{"@type":"SearchAction","target":{"@type":"EntryPoint","urlTemplate":"https:\/\/incognitoescape.testmillennials.es\/?s={search_term_string}"},"query-input":{"@type":"PropertyValueSpecification","valueRequired":true,"valueName":"search_term_string"}}],"inLanguage":"es"},{"@type":"Organization","@id":"https:\/\/incognitoescape.testmillennials.es\/#organization","name":"Inc\u00f3gnito Escape","url":"https:\/\/incognitoescape.testmillennials.es\/","logo":{"@type":"ImageObject","inLanguage":"es","@id":"https:\/\/incognitoescape.testmillennials.es\/#\/schema\/logo\/image\/","url":"https:\/\/incognitoescape.testmillennials.es\/wp-content\/uploads\/2025\/06\/preloader.svg","contentUrl":"https:\/\/incognitoescape.testmillennials.es\/wp-content\/uploads\/2025\/06\/preloader.svg","width":100,"height":80,"caption":"Inc\u00f3gnito Escape"},"image":{"@id":"https:\/\/incognitoescape.testmillennials.es\/#\/schema\/logo\/image\/"}}]}},"_links":{"self":[{"href":"https:\/\/incognitoescape.testmillennials.es\/index.php?rest_route=\/wp\/v2\/pages\/397","targetHints":{"allow":["GET"]}}],"collection":[{"href":"https:\/\/incognitoescape.testmillennials.es\/index.php?rest_route=\/wp\/v2\/pages"}],"about":[{"href":"https:\/\/incognitoescape.testmillennials.es\/index.php?rest_route=\/wp\/v2\/types\/page"}],"author":[{"embeddable":true,"href":"https:\/\/incognitoescape.testmillennials.es\/index.php?rest_route=\/wp\/v2\/users\/1"}],"replies":[{"embeddable":true,"href":"https:\/\/incognitoescape.testmillennials.es\/index.php?rest_route=%2Fwp%2Fv2%2Fcomments&post=397"}],"version-history":[{"count":1,"href":"https:\/\/incognitoescape.testmillennials.es\/index.php?rest_route=\/wp\/v2\/pages\/397\/revisions"}],"predecessor-version":[{"id":398,"href":"https:\/\/incognitoescape.testmillennials.es\/index.php?rest_route=\/wp\/v2\/pages\/397\/revisions\/398"}],"wp:attachment":[{"href":"https:\/\/incognitoescape.testmillennials.es\/index.php?rest_route=%2Fwp%2Fv2%2Fmedia&parent=397"}],"curies":[{"name":"wp","href":"https:\/\/api.w.org\/{rel}","templated":true}]}}